{"id":12,"date":"2015-08-19T11:24:29","date_gmt":"2015-08-19T11:24:29","guid":{"rendered":"http:\/\/agentur.giesen-partner.com\/?page_id=12"},"modified":"2026-01-26T13:39:16","modified_gmt":"2026-01-26T12:39:16","slug":"contact","status":"publish","type":"page","link":"https:\/\/agentur.giesen-partner.com\/index.php\/contact\/","title":{"rendered":"Kontakt"},"content":{"rendered":"<p><section   class=\"fw-main-row-custom fw-main-row-top fw-section-no-padding fw-content-overlay-custom auto  fw-section-position-back tf-sh-8bd22000e86d8f60ae1f5d123255d9e7 section-header-contact\"  style=\"margin-bottom:-118px;\"  >\n\t\t\t<div class=\"fw-container-fluid\" >\n\t\t<div class=\"fw-row\">\n\t<div id=\"column-69da26d83bcfd\" class=\"fw-col-sm-12 tf-sh-a22858b29884a0749a8e28c74ab1e4e9  fw-col-no-padding\" >\n\t<div class=\"fw-wrap-col-inner clearfix  \"   >\n\t\t\t\t<div class=\"fw-col-inner\">\n\t\t\t<link href=\"https:\/\/fonts.googleapis.com\/css?family=Montserrat:700%2C200%2C400\" rel=\"stylesheet\" property=\"stylesheet\" type=\"text\/css\" media=\"all\">\n<div id=\"rev_slider_4_1_wrapper\" class=\"rev_slider_wrapper fullwidthbanner-container\" data-source=\"gallery\" style=\"margin:0px auto;background:#ffffff;padding:0px;margin-top:0px;margin-bottom:0px;\">\n<!-- START REVOLUTION SLIDER 5.4.8 fullwidth mode -->\n\t<div id=\"rev_slider_4_1\" class=\"rev_slider fullwidthabanner\" style=\"display:none;\" data-version=\"5.4.8\">\n<ul>\t<!-- SLIDE  -->\n\t<li data-index=\"rs-8\" data-transition=\"slideleft\" data-slotamount=\"default\" data-hideafterloop=\"0\" data-hideslideonmobile=\"off\"  data-easein=\"default\" data-easeout=\"default\" data-masterspeed=\"default\"  data-delay=\"7990\"  data-rotate=\"0\"  data-saveperformance=\"off\"  data-title=\"Slide\" data-param1=\"\" data-param2=\"\" data-param3=\"\" data-param4=\"\" data-param5=\"\" data-param6=\"\" data-param7=\"\" data-param8=\"\" data-param9=\"\" data-param10=\"\" data-description=\"\">\n\t\t<!-- MAIN IMAGE -->\n\t\t<img loading=\"lazy\" decoding=\"async\" src=\"https:\/\/agentur.giesen-partner.com\/wp-content\/plugins\/revslider\/admin\/assets\/images\/dummy.png\"  alt=\"\" title=\"kontaktslider-2560&#215;697\"  width=\"2560\" height=\"697\" data-lazyload=\"https:\/\/agentur.giesen-partner.com\/wp-content\/uploads\/2018\/09\/kontaktslider-2560x697.jpg\" data-bgposition=\"70% 0%\" data-bgfit=\"contain\" data-bgrepeat=\"no-repeat\" data-bgparallax=\"off\" class=\"rev-slidebg\" data-no-retina>\n\t\t<!-- LAYERS -->\n\n\t\t<!-- LAYER NR. 1 -->\n\t\t<div class=\"tp-caption   tp-resizeme\" \n\t\t\t id=\"slide-8-layer-1\" \n\t\t\t data-x=\"['left','left','left','left']\" data-hoffset=\"['-640','-1050','-1450','-1690']\" \n\t\t\t data-y=\"['top','top','top','top']\" data-voffset=\"['0','0','0','0']\" \n\t\t\t\t\t\tdata-width=\"none\"\n\t\t\tdata-height=\"none\"\n\t\t\tdata-whitespace=\"nowrap\"\n \n\t\t\tdata-type=\"image\" \n\t\t\tdata-responsive_offset=\"on\" \n\n\t\t\tdata-frames='[{\"delay\":760,\"speed\":590,\"frame\":\"0\",\"from\":\"x:left;\",\"to\":\"o:1;\",\"ease\":\"easeOutCubic\"},{\"delay\":\"wait\",\"speed\":560,\"frame\":\"999\",\"ease\":\"easeInCubic\"}]'\n\t\t\tdata-textAlign=\"['left','left','left','left']\"\n\t\t\tdata-paddingtop=\"[0,0,0,0]\"\n\t\t\tdata-paddingright=\"[0,0,0,0]\"\n\t\t\tdata-paddingbottom=\"[0,0,0,0]\"\n\t\t\tdata-paddingleft=\"[0,0,0,0]\"\n\n\t\t\tstyle=\"z-index: 5;\"><img loading=\"lazy\" decoding=\"async\" src=\"https:\/\/agentur.giesen-partner.com\/wp-content\/plugins\/revslider\/admin\/assets\/images\/dummy.png\" alt=\"\" data-ww=\"['2560px','2560px','2560px','2560px']\" data-hh=\"['523px','523px','523px','523px']\" width=\"2560\" height=\"523\" data-lazyload=\"https:\/\/agentur.giesen-partner.com\/wp-content\/uploads\/2015\/09\/intr_ovrl_v2.png\" data-no-retina> <\/div>\n\n\t\t<!-- LAYER NR. 2 -->\n\t\t<div class=\"tp-caption montserrat94white   tp-resizeme\" \n\t\t\t id=\"slide-8-layer-3\" \n\t\t\t data-x=\"['left','left','left','center']\" data-hoffset=\"['330','370','178','0']\" \n\t\t\t data-y=\"['top','top','top','top']\" data-voffset=\"['184','184','144','143']\" \n\t\t\t\t\t\tdata-fontsize=\"['94','90','65','50']\"\n\t\t\tdata-width=\"none\"\n\t\t\tdata-height=\"none\"\n\t\t\tdata-whitespace=\"nowrap\"\n \n\t\t\tdata-type=\"text\" \n\t\t\tdata-responsive_offset=\"on\" \n\n\t\t\tdata-frames='[{\"delay\":1120,\"speed\":450,\"frame\":\"0\",\"from\":\"y:-50px;opacity:0;\",\"to\":\"o:1;\",\"ease\":\"easeOutCubic\"},{\"delay\":\"wait\",\"speed\":300,\"frame\":\"999\",\"ease\":\"easeInCubic\"}]'\n\t\t\tdata-textAlign=\"['left','left','left','left']\"\n\t\t\tdata-paddingtop=\"[0,0,0,0]\"\n\t\t\tdata-paddingright=\"[0,0,0,0]\"\n\t\t\tdata-paddingbottom=\"[0,0,0,0]\"\n\t\t\tdata-paddingleft=\"[0,0,0,0]\"\n\n\t\t\tstyle=\"z-index: 6; white-space: nowrap; line-height: 60px; color: rgba(255,255,255,1); letter-spacing: px;letter-spacing:-2px;\">KONTAKT <\/div>\n\n\t\t<!-- LAYER NR. 3 -->\n\t\t<div class=\"tp-caption montserrat100white   tp-resizeme\" \n\t\t\t id=\"slide-8-layer-4\" \n\t\t\t data-x=\"['left','left','left','center']\" data-hoffset=\"['331','242','121','0']\" \n\t\t\t data-y=\"['top','top','top','top']\" data-voffset=\"['288','288','216','209']\" \n\t\t\t\t\t\tdata-fontsize=\"['56','60','40','35']\"\n\t\t\tdata-fontweight=\"['700','200','400','400']\"\n\t\t\tdata-color=\"['rgb(146,207,88)','rgba(209,42,92,1)','rgba(209,42,92,1)','rgba(209,42,92,1)']\"\n\t\t\tdata-width=\"none\"\n\t\t\tdata-height=\"none\"\n\t\t\tdata-whitespace=\"nowrap\"\n \n\t\t\tdata-type=\"text\" \n\t\t\tdata-responsive_offset=\"on\" \n\n\t\t\tdata-frames='[{\"delay\":1450,\"speed\":490,\"frame\":\"0\",\"from\":\"y:-50px;opacity:0;\",\"to\":\"o:1;\",\"ease\":\"easeOutCubic\"},{\"delay\":\"wait\",\"speed\":300,\"frame\":\"999\",\"ease\":\"easeInCubic\"}]'\n\t\t\tdata-textAlign=\"['left','left','left','left']\"\n\t\t\tdata-paddingtop=\"[0,0,0,0]\"\n\t\t\tdata-paddingright=\"[0,0,0,0]\"\n\t\t\tdata-paddingbottom=\"[0,0,0,0]\"\n\t\t\tdata-paddingleft=\"[0,0,0,0]\"\n\n\t\t\tstyle=\"z-index: 7; white-space: nowrap; font-size: 56px; line-height: 22px; color: #92cf58; letter-spacing: px;letter-spacing:0px;font-weight:300 !important;\">lust auf nette gespr\u00e4che? <\/div>\n\t<\/li>\n<\/ul>\n<div class=\"tp-bannertimer\" style=\"height: 5px; background: rgba(0,0,0,0.15);\"><\/div>\t<\/div>\n<script>var htmlDiv = document.getElementById(\"rs-plugin-settings-inline-css\"); var htmlDivCss=\".tp-caption.montserrat100white,.montserrat100white{color:#ffffff;font-size:100px;font-weight:700;font-family:Montserrat;text-decoration:none;background-color:transparent;border-width:0px;border-color:rgb(0,0,0);border-style:none;text-shadow:none;letter-spacing:-3px}.tp-caption.montserrat94white,.montserrat94white{font-size:94px;font-weight:700;font-family:Montserrat;color:rgb(255,255,255);text-decoration:none;background-color:transparent;border-width:0px;border-color:rgb(0,0,0);border-style:none;text-shadow:none;letter-spacing:-5px}\";\r\n\t\t\t\tif(htmlDiv) {\r\n\t\t\t\t\thtmlDiv.innerHTML = htmlDiv.innerHTML + htmlDivCss;\r\n\t\t\t\t}else{\r\n\t\t\t\t\tvar htmlDiv = document.createElement(\"div\");\r\n\t\t\t\t\thtmlDiv.innerHTML = \"<style>\" + htmlDivCss + \"<\/style>\";\r\n\t\t\t\t\tdocument.getElementsByTagName(\"head\")[0].appendChild(htmlDiv.childNodes[0]);\r\n\t\t\t\t}\r\n\t\t\t<\/script>\n\t\t<script type=\"text\/javascript\">\r\nif (setREVStartSize!==undefined) setREVStartSize(\r\n\t{c: '#rev_slider_4_1', responsiveLevels: [1240,1024,778,480], gridwidth: [1920,1240,778,480], gridheight: [523,500,400,400], sliderLayout: 'fullwidth'});\r\n\t\t\t\r\nvar revapi4,\r\n\ttpj;\t\r\n(function() {\t\t\t\r\n\tif (!\/loaded|interactive|complete\/.test(document.readyState)) document.addEventListener(\"DOMContentLoaded\",onLoad); else onLoad();\t\r\n\tfunction onLoad() {\t\t\t\t\r\n\t\tif (tpj===undefined) { tpj = jQuery; if(\"off\" == \"on\") tpj.noConflict();}\r\n\tif(tpj(\"#rev_slider_4_1\").revolution == undefined){\n\t\trevslider_showDoubleJqueryError(\"#rev_slider_4_1\");\n\t}else{\n\t\trevapi4 = tpj(\"#rev_slider_4_1\").show().revolution({\n\t\t\tsliderType:\"standard\",\n\t\t\tjsFileLocation:\"\/\/agentur.giesen-partner.com\/wp-content\/plugins\/revslider\/public\/assets\/js\/\",\n\t\t\tsliderLayout:\"fullwidth\",\n\t\t\tdottedOverlay:\"none\",\n\t\t\tdelay:9000,\n\t\t\tnavigation: {\n\t\t\t\tkeyboardNavigation:\"off\",\n\t\t\t\tkeyboard_direction: \"horizontal\",\n\t\t\t\tmouseScrollNavigation:\"off\",\n \t\t\t\t\t\t\tmouseScrollReverse:\"default\",\n\t\t\t\tonHoverStop:\"off\",\n\t\t\t\ttouch:{\n\t\t\t\t\ttouchenabled:\"on\",\n\t\t\t\t\ttouchOnDesktop:\"off\",\n\t\t\t\t\tswipe_threshold: 75,\n\t\t\t\t\tswipe_min_touches: 50,\n\t\t\t\t\tswipe_direction: \"horizontal\",\n\t\t\t\t\tdrag_block_vertical: false\n\t\t\t\t}\n\t\t\t},\n\t\t\tresponsiveLevels:[1240,1024,778,480],\n\t\t\tvisibilityLevels:[1240,1024,778,480],\n\t\t\tgridwidth:[1920,1240,778,480],\n\t\t\tgridheight:[523,500,400,400],\n\t\t\tlazyType:\"smart\",\n\t\t\tparallax: {\n\t\t\t\ttype:\"mouse\",\n\t\t\t\torigo:\"slidercenter\",\n\t\t\t\tspeed:2000,\n\t\t\t\tspeedbg:0,\n\t\t\t\tspeedls:0,\n\t\t\t\tlevels:[2,3,4,5,6,7,12,16,10,50,47,48,49,50,51,55],\n\t\t\t},\n\t\t\tshadow:0,\n\t\t\tspinner:\"off\",\n\t\t\tstopLoop:\"on\",\n\t\t\tstopAfterLoops:0,\n\t\t\tstopAtSlide:1,\n\t\t\tshuffle:\"off\",\n\t\t\tautoHeight:\"off\",\n\t\t\thideThumbsOnMobile:\"off\",\n\t\t\thideSliderAtLimit:0,\n\t\t\thideCaptionAtLimit:0,\n\t\t\thideAllCaptionAtLilmit:0,\n\t\t\tdebugMode:false,\n\t\t\tfallbacks: {\n\t\t\t\tsimplifyAll:\"off\",\n\t\t\t\tnextSlideOnWindowFocus:\"off\",\n\t\t\t\tdisableFocusListener:false,\n\t\t\t}\n\t\t});\n\t}; \/* END OF revapi call *\/\n\t\n }; \/* END OF ON LOAD FUNCTION *\/\r\n}()); \/* END OF WRAPPING FUNCTION *\/\r\n<\/script>\r\n\t\t<\/div><!-- END REVOLUTION SLIDER -->\t\t<\/div>\n\t<\/div>\n<\/div><\/div>\n\n\t<\/div>\n\t<\/section><section   class=\"fw-main-row-custom  auto  fw-section-position-back tf-sh-be872544dfa49f9f93da56e946c8e541\"    >\n\t\t\t<div class=\"fw-container\" >\n\t\t<div class=\"fw-row\">\n\t<div id=\"column-69da26d83f166\" class=\"fw-col-sm-4 tf-sh-fce539b7f990f176dc9778ea221d6904  fw-animated-element fw-col-no-padding\" data-animation-type=\"fadeInUp\" data-animation-delay=\"1000\">\n\t<div class=\"fw-wrap-col-inner clearfix  \"   >\n\t\t\t\t<div class=\"fw-col-inner\">\n\t\t\t<div class=\"fw-divider-space  fw-custom-space  fw-mobile-hide-element clearfix\" style=\"height:59px;\" ><\/div><div class=\"fw-heading fw-heading-left contact-sidebar-padding tf-sh-474752bb67780a52d0aa5116aa2aace5\" >\n\t\t\t<h4 class=\"fw-special-title\">giesen & partner \u00ae werbeagentur & werbetechnik Schilder- und Lichtreklamebetrieb <br\/><br\/>Eine Marke der<br\/>g&p Werbetechnik GmbH & Co. KG<\/h4>\n\t\n\t\n\t<\/div><div class=\"fw-text-box tf-sh-dd9d835008844448781e6e8724f1d935 contact-sidebar-padding\" >\n\t<div class=\"fw-text-inner\">\n\t\t<p>am vaetsbruch 9<br \/>47906 kempen-t\u00f6nisberg<\/p>\n<p><a href=\"tel:+492845984260\">+49 (0)2845 \u2013 98 426 \u2013 0<\/a><\/p>\n<p>info@giesen-partner.de<\/p>\n\t<\/div>\n<\/div><div class=\"fw-divider-space  fw-custom-space  clearfix\" style=\"height:51px;\" ><\/div><div class=\"fw-heading fw-heading-left contact-sidebar-padding tf-sh-988fa8d72cc99822966b31a921096d28\" >\n\t\t\t<h4 class=\"fw-special-title\">\u00d6ffnungszeiten<\/h4>\n\t\n\t\n\t<\/div><div class=\"fw-text-box tf-sh-6f7e194fac0d420513470459a524b181 contact-sidebar-padding\" >\n\t<div class=\"fw-text-inner\">\n\t\t<p><span style=\"color: #81d742;\">mo-do:<\/span> 09:00\u201317:00<br \/><span style=\"color: #81d742;\">fr:<\/span> geschlossen<\/p>\n\t<\/div>\n<\/div><div class=\"fw-divider-space  fw-custom-space  clearfix\" style=\"height:50px;\" ><\/div><div class=\"fw-heading fw-heading-left contact-sidebar-padding fw-heading-with-subtitle tf-sh-c28fb39f83160f3ea7fc5997cf3bcd23\" >\n\t\t\t<h4 class=\"fw-special-title\">g&p werbetechnik<br\/>GmbH & Co. KG<\/h4>\n\t\n\t\n\t\t\t<div class=\"fw-special-subtitle\">Amtsgericht Krefeld<br\/>HRA 7115<br\/>Komplement\u00e4rin:<br\/>g&p verwaltungs GmbH<br\/>Amtsgericht Krefeld<br\/>HRB 18474<br\/>Gesch\u00e4ftsf\u00fchrer:<br\/> Sven Giesen <\/div>\n\t<\/div><div class=\"fw-text-box tf-sh-59f8ca98b784f80302bad186ec8940b5 \" >\n\t<div class=\"fw-text-inner\">\n\t\t<p><div id=\"wpgmza_map\" class=\"wpgmza_map\" data-settings='{\"id\":\"1\",\"map_title\":\"Anfahrt Krefeld\",\"map_width\":\"100\",\"map_height\":\"390\",\"map_start_lat\":\"51.418030\",\"map_start_lng\":\"6.502850\",\"map_start_location\":\"51.41803,6.50285\",\"map_start_zoom\":\"15\",\"default_marker\":\"0\",\"type\":\"1\",\"alignment\":\"4\",\"directions_enabled\":\"1\",\"styling_enabled\":\"0\",\"styling_json\":\"\",\"active\":\"0\",\"kml\":\"\",\"bicycle\":\"0\",\"traffic\":\"0\",\"dbox\":\"1\",\"dbox_width\":\"100\",\"listmarkers\":\"0\",\"listmarkers_advanced\":\"0\",\"filterbycat\":\"0\",\"ugm_enabled\":\"0\",\"ugm_category_enabled\":\"0\",\"fusion\":\"\",\"map_width_type\":\"\\\\%\",\"map_height_type\":\"px\",\"mass_marker_support\":\"1\",\"ugm_access\":\"0\",\"order_markers_by\":\"1\",\"order_markers_choice\":\"2\",\"show_user_location\":\"0\",\"default_to\":\"\",\"other_settings\":{\"store_locator_enabled\":2,\"store_locator_distance\":2,\"store_locator_default_radius\":10,\"store_locator_not_found_message\":\"No results found in this location. Please try again.\",\"store_locator_bounce\":1,\"store_locator_query_string\":\"ZIP \\\/ Address:\",\"store_locator_default_address\":\"\",\"wpgmza_store_locator_restrict\":\"\",\"wpgmza_store_locator_radius_style\":\"modern\",\"map_max_zoom\":\"1\",\"transport_layer\":0,\"wpgmza_theme_data\":\"[ { \\\"featureType\\\": \\\"administrative.locality\\\", \\\"elementType\\\": \\\"all\\\", \\\"stylers\\\": [ { \\\"hue\\\": \\\"#6cff00\\\" }, { \\\"saturation\\\": 7 }, { \\\"lightness\\\": 19 }, { \\\"visibility\\\": \\\"on\\\" } ] }, { \\\"featureType\\\": \\\"administrative.locality\\\", \\\"elementType\\\": \\\"labels.text\\\", \\\"stylers\\\": [ { \\\"visibility\\\": \\\"on\\\" }, { \\\"saturation\\\": \\\"-3\\\" } ] }, { \\\"featureType\\\": \\\"administrative.locality\\\", \\\"elementType\\\": \\\"labels.text.fill\\\", \\\"stylers\\\": [ { \\\"color\\\": \\\"#748ca3\\\" } ] }, { \\\"featureType\\\": \\\"landscape\\\", \\\"elementType\\\": \\\"all\\\", \\\"stylers\\\": [ { \\\"saturation\\\": \\\"-100\\\" }, { \\\"lightness\\\": 100 }, { \\\"visibility\\\": \\\"simplified\\\" }, { \\\"hue\\\": \\\"#bdff00\\\" } ] }, { \\\"featureType\\\": \\\"poi\\\", \\\"elementType\\\": \\\"all\\\", \\\"stylers\\\": [ { \\\"hue\\\": \\\"#6cff00\\\" }, { \\\"saturation\\\": \\\"23\\\" }, { \\\"lightness\\\": \\\"20\\\" }, { \\\"visibility\\\": \\\"off\\\" } ] }, { \\\"featureType\\\": \\\"poi.school\\\", \\\"elementType\\\": \\\"geometry.fill\\\", \\\"stylers\\\": [ { \\\"color\\\": \\\"#ffdbda\\\" }, { \\\"saturation\\\": \\\"0\\\" }, { \\\"visibility\\\": \\\"on\\\" } ] }, { \\\"featureType\\\": \\\"road\\\", \\\"elementType\\\": \\\"geometry\\\", \\\"stylers\\\": [ { \\\"hue\\\": \\\"#ff0200\\\" }, { \\\"saturation\\\": \\\"100\\\" }, { \\\"lightness\\\": 31 }, { \\\"visibility\\\": \\\"simplified\\\" } ] }, { \\\"featureType\\\": \\\"road\\\", \\\"elementType\\\": \\\"geometry.stroke\\\", \\\"stylers\\\": [ { \\\"color\\\": \\\"#f39247\\\" }, { \\\"saturation\\\": \\\"0\\\" } ] }, { \\\"featureType\\\": \\\"road\\\", \\\"elementType\\\": \\\"labels\\\", \\\"stylers\\\": [ { \\\"hue\\\": \\\"#008eff\\\" }, { \\\"saturation\\\": -93 }, { \\\"lightness\\\": 31 }, { \\\"visibility\\\": \\\"on\\\" } ] }, { \\\"featureType\\\": \\\"road.highway\\\", \\\"elementType\\\": \\\"all\\\", \\\"stylers\\\": [ { \\\"hue\\\": \\\"#6cff00\\\" } ] }, { \\\"featureType\\\": \\\"road.arterial\\\", \\\"elementType\\\": \\\"all\\\", \\\"stylers\\\": [ { \\\"hue\\\": \\\"#ff0000\\\" } ] }, { \\\"featureType\\\": \\\"road.arterial\\\", \\\"elementType\\\": \\\"geometry.stroke\\\", \\\"stylers\\\": [ { \\\"visibility\\\": \\\"on\\\" }, { \\\"color\\\": \\\"#ffe5e5\\\" }, { \\\"saturation\\\": \\\"0\\\" } ] }, { \\\"featureType\\\": \\\"road.arterial\\\", \\\"elementType\\\": \\\"labels\\\", \\\"stylers\\\": [ { \\\"hue\\\": \\\"#bbc0c4\\\" }, { \\\"saturation\\\": -93 }, { \\\"lightness\\\": -2 }, { \\\"visibility\\\": \\\"simplified\\\" } ] }, { \\\"featureType\\\": \\\"road.arterial\\\", \\\"elementType\\\": \\\"labels.text\\\", \\\"stylers\\\": [ { \\\"visibility\\\": \\\"off\\\" } ] }, { \\\"featureType\\\": \\\"road.local\\\", \\\"elementType\\\": \\\"all\\\", \\\"stylers\\\": [ { \\\"hue\\\": \\\"#ff0000\\\" } ] }, { \\\"featureType\\\": \\\"road.local\\\", \\\"elementType\\\": \\\"geometry\\\", \\\"stylers\\\": [ { \\\"hue\\\": \\\"#ff0200\\\" }, { \\\"saturation\\\": -90 }, { \\\"lightness\\\": -8 }, { \\\"visibility\\\": \\\"simplified\\\" } ] }, { \\\"featureType\\\": \\\"transit\\\", \\\"elementType\\\": \\\"all\\\", \\\"stylers\\\": [ { \\\"hue\\\": \\\"#007dff\\\" }, { \\\"saturation\\\": 10 }, { \\\"lightness\\\": 69 }, { \\\"visibility\\\": \\\"on\\\" } ] }, { \\\"featureType\\\": \\\"transit.line\\\", \\\"elementType\\\": \\\"all\\\", \\\"stylers\\\": [ { \\\"hue\\\": \\\"#ff0000\\\" } ] }, { \\\"featureType\\\": \\\"water\\\", \\\"elementType\\\": \\\"all\\\", \\\"stylers\\\": [ { \\\"saturation\\\": -78 }, { \\\"lightness\\\": 67 }, { \\\"visibility\\\": \\\"simplified\\\" }, { \\\"hue\\\": \\\"#007fff\\\" } ] } ]\",\"wpgmza_show_points_of_interest\":1,\"wpgmza_auto_night\":0}}' data-map-id='1' Data-maps-engine='open-layers' data-shortcode-attributes='{\"id\":\"1\"}' style=\"display:block; overflow:auto; width:100%; height:390px; float:left;\"><\/div><\/p>\n\t<\/div>\n<\/div>\t\t<\/div>\n\t<\/div>\n<\/div><div id=\"column-69da26d840777\" class=\"fw-col-sm-8 tf-sh-497f36805f5414619b7298fbfe61b122 contact-us fw-animated-element\" data-animation-type=\"fadeInUp\" data-animation-delay=\"1300\">\n\t<div class=\"fw-wrap-col-inner clearfix  \"   >\n\t\t\t\t<div class=\"fw-col-inner\">\n\t\t\t<div class=\"fw-heading fw-heading-left  fw-heading-with-subtitle tf-sh-e5994a456d7529e978ddf549836f47df\" >\n\t\t\t<h3 class=\"fw-special-title\">SCHREIBEN SIE UNS<\/h3>\n\t\n\t\n\t\t\t<div class=\"fw-special-subtitle\">wir werden zeitnah mit ihnen in kontakt treten<\/div>\n\t<\/div><div class=\"fw-contact-form tf-sh-contact-form-55dc627dad99f \" data-redirect-page=\"\">\n\t<div class=\"fw-row wrap-forms wrap-contact-forms\">\n\t\t<form data-fw-form-id=\"fw_form\" method=\"post\" action=\"https:\/\/agentur.giesen-partner.com\/index.php\/wp-json\/wp\/v2\/pages\/12\" class=\"fw_form_fw_form\" data-fw-ext-forms-type=\"contact-forms\"  ><input type=\"hidden\" name=\"fwf\" value=\"fw_form\" \/><input type=\"hidden\" id=\"_nonce_072d1fe70f9555828f538a29dbb2dc10\" name=\"_nonce_072d1fe70f9555828f538a29dbb2dc10\" value=\"cd23f2a69f\" \/><input type=\"hidden\" name=\"_wp_http_referer\" value=\"\/index.php\/wp-json\/wp\/v2\/pages\/12\" \/><input type=\"hidden\" name=\"fw_ext_forms_form_type\" value=\"contact-forms\" \/><input type=\"hidden\" name=\"fw_ext_forms_form_id\" value=\"contact-form-55dc627dad99f\" \/><div class=\"fw-row\"><\/div><div class=\"fw-row\"><div class=\"fw-col-xs-12 fw-col-sm-6 form-builder-item\">\n\t<div class=\"field-text\">\n\t\t\t\t<input type=\"text\" name=\"text_18cbb0b\" placeholder=\"vorname*\" value=\"\" id=\"id-1\" class=\"required\" >\n\t\t\t<\/div>\n<\/div><div class=\"fw-col-xs-12 fw-col-sm-6 form-builder-item\">\n\t<div class=\"field-text\">\n\t\t\t\t<input type=\"text\" name=\"text_656a21f\" placeholder=\"nachname*\" value=\"\" id=\"id-2\" class=\"required\" >\n\t\t\t<\/div>\n<\/div><\/div><div class=\"fw-row\"><div class=\"fw-col-xs-12 fw-col-sm-6 form-builder-item\">\n\t<div class=\"field-text\">\n\t\t\t\t<input type=\"text\" name=\"email_9ae5a87\" placeholder=\"e-mail*\" value=\"\" id=\"id-3\" class=\"required\" >\n\t\t\t<\/div>\n<\/div><div class=\"fw-col-xs-12 fw-col-sm-6 form-builder-item\">\n\t<div class=\"field-text\">\n\t\t\t\t<input type=\"text\" name=\"text_ef87508\" placeholder=\"telefon\" value=\"\" id=\"id-4\" >\n\t\t\t<\/div>\n<\/div><\/div><div class=\"fw-row\"><div class=\"fw-col-xs-12 form-builder-item\">\n\t<div class=\"field-text\">\n\t\t\t\t<input type=\"text\" name=\"text_351969d\" placeholder=\"betreff\" value=\"\" id=\"id-5\" class=\"required\" >\n\t\t\t<\/div>\n<\/div><\/div><div class=\"fw-row\"><div class=\"fw-col-xs-12 form-builder-item\">\n\t<div class=\"field-textarea\">\n\t\t\t\t\t<label for=\"id-6\">beschreiben sie ihre anfrage\t\t\t\t<sup>*<\/sup>\t\t\t<\/label>\n\t\t\t\t<textarea name=\"textarea_f215d61\" placeholder=\"\" id=\"id-6\" class=\"required\" ><\/textarea>\n\t\t\t<\/div>\n<\/div><\/div><div class=\"fw-row\">\t<div class=\"fw-col-xs-12 form-builder-item\">\n\t\t<div class=\"field-radio input-styled fw-item-one-column\">\n\t\t\t\t\t\t<div class=\"custom-radio\">\n\t\t\t\t\t\t\t\t\t\t\t\t\t\t<div class=\"options\">\n\t\t\t\t\t\t<input type=\"radio\" name=\"radio_b727243\" value=\" Ich habe die Datenschutzerkl\u00e4rung zur Kenntnis genommen. Ich stimme zu, dass meine Angaben und Daten zur Beantwortung meiner Anfrage elektronisch erhoben und gespeichert werden. Hinweis: Sie k\u00f6nnen Ihre Einwilligung jederzeit f\u00fcr die Zukunft per E-Mail an info@giesen-partner.de widerrufen.\" id=\"rand-7\"  \/>\n\t\t\t\t\t\t<label for=\"rand-7\"> Ich habe die Datenschutzerkl\u00e4rung zur Kenntnis genommen. Ich stimme zu, dass meine Angaben und Daten zur Beantwortung meiner Anfrage elektronisch erhoben und gespeichert werden. Hinweis: Sie k\u00f6nnen Ihre Einwilligung jederzeit f\u00fcr die Zukunft per E-Mail an info@giesen-partner.de widerrufen.<\/label>\n\t\t\t\t\t<\/div>\n\t\t\t\t\t\t\t<\/div>\n\t\t\t\t\t<\/div>\n\t<\/div>\n<\/div><div class=\"fw-row\"><\/div><div class=\"fw-row\">\n\t\t\t<div class=\"fw-col-sm-12 field-submit text-left\">\n\t\t\t<button type=\"submit\" class=\"fw-btn  fw-btn-lg fw-btn-1\" style=\"\">\n\t\t\t\t<span>\n\t\t\t\t\t\t\t\t\t\t\tABSCHICKEN\u00a0\u00a0\u00a0<i class=\"pull-right-icon fa fa-angle-right\" style=\"font-size:20px;\"><\/i>\t\t\t\t\t\t\t\t\t<\/span>\n\t\t\t<\/button>\n\t\t<\/div>\n\t<\/div><\/form>\t<\/div>\n<\/div>\t\t<\/div>\n\t<\/div>\n<\/div><\/div>\n\n<div class=\"fw-row\">\n\t<div id=\"column-69da26d84179e\" class=\"fw-tablet-hide-element fw-col-sm-12 fw-mobile-hide-element tf-sh-881ee7be6738fc08fee5b79a584fe982  fw-col-no-padding\" >\n\t<div class=\"fw-wrap-col-inner clearfix  \"   >\n\t\t\t\t<div class=\"fw-col-inner\">\n\t\t\t<div class=\"fw-divider-space  fw-custom-space  clearfix\" style=\"height:65px;\" ><\/div>\t\t<\/div>\n\t<\/div>\n<\/div><\/div>\n\n\t<\/div>\n\t<\/section><\/p>\n","protected":false},"excerpt":{"rendered":"<p>KONTAKT lust auf nette gespr\u00e4che? giesen &#038; partner \u00ae werbeagentur &#038; werbetechnik Schilder- und Lichtreklamebetrieb Eine Marke derg&#038;p Werbetechnik GmbH &#038; Co. KG am vaetsbruch 947906 kempen-t\u00f6nisberg +49 (0)2845 \u2013 98 426 \u2013 0 info@giesen-partner.de \u00d6ffnungszeiten mo-do: 09:00\u201317:00fr: geschlossen g&#038;p werbetechnikGmbH &#038; Co. KG Amtsgericht KrefeldHRA 7115Komplement\u00e4rin:g&#038;p verwaltungs GmbHAmtsgericht KrefeldHRB 18474Gesch\u00e4ftsf\u00fchrer: Sven Giesen SCHREIBEN SIE [&hellip;]<\/p>\n","protected":false},"author":1,"featured_media":0,"parent":0,"menu_order":0,"comment_status":"closed","ping_status":"closed","template":"visual-builder-template.php","meta":{"om_disable_all_campaigns":false,"_monsterinsights_skip_tracking":false,"_monsterinsights_sitenote_active":false,"_monsterinsights_sitenote_note":"","_monsterinsights_sitenote_category":0,"footnotes":""},"class_list":["post-12","page","type-page","status-publish","hentry"],"aioseo_notices":[],"_links":{"self":[{"href":"https:\/\/agentur.giesen-partner.com\/index.php\/wp-json\/wp\/v2\/pages\/12","targetHints":{"allow":["GET"]}}],"collection":[{"href":"https:\/\/agentur.giesen-partner.com\/index.php\/wp-json\/wp\/v2\/pages"}],"about":[{"href":"https:\/\/agentur.giesen-partner.com\/index.php\/wp-json\/wp\/v2\/types\/page"}],"author":[{"embeddable":true,"href":"https:\/\/agentur.giesen-partner.com\/index.php\/wp-json\/wp\/v2\/users\/1"}],"replies":[{"embeddable":true,"href":"https:\/\/agentur.giesen-partner.com\/index.php\/wp-json\/wp\/v2\/comments?post=12"}],"version-history":[{"count":59,"href":"https:\/\/agentur.giesen-partner.com\/index.php\/wp-json\/wp\/v2\/pages\/12\/revisions"}],"predecessor-version":[{"id":7285,"href":"https:\/\/agentur.giesen-partner.com\/index.php\/wp-json\/wp\/v2\/pages\/12\/revisions\/7285"}],"wp:attachment":[{"href":"https:\/\/agentur.giesen-partner.com\/index.php\/wp-json\/wp\/v2\/media?parent=12"}],"curies":[{"name":"wp","href":"https:\/\/api.w.org\/{rel}","templated":true}]}}