{"id":6518,"date":"2018-09-12T12:36:57","date_gmt":"2018-09-12T10:36:57","guid":{"rendered":"http:\/\/agentur.giesen-partner.com\/?page_id=6518"},"modified":"2022-04-25T09:06:34","modified_gmt":"2022-04-25T07:06:34","slug":"impressum","status":"publish","type":"page","link":"https:\/\/agentur.giesen-partner.com\/index.php\/impressum\/","title":{"rendered":"Impressum"},"content":{"rendered":"<p><section   class=\"fw-main-row-custom fw-main-row-top fw-section-no-padding fw-content-overlay-custom auto  fw-section-position-back tf-sh-8bd22000e86d8f60ae1f5d123255d9e7 section-header-contact\"  style=\"margin-bottom:-118px;\"  >\n\t\t\t<div class=\"fw-container-fluid\" >\n\t\t<div class=\"fw-row\">\n\t<div id=\"column-69d7437496307\" class=\"fw-col-sm-12 tf-sh-a22858b29884a0749a8e28c74ab1e4e9  fw-col-no-padding\" >\n\t<div class=\"fw-wrap-col-inner clearfix  \"   >\n\t\t\t\t<div class=\"fw-col-inner\">\n\t\t\t<link href=\"https:\/\/fonts.googleapis.com\/css?family=Montserrat:700%2C200%2C400\" rel=\"stylesheet\" property=\"stylesheet\" type=\"text\/css\" media=\"all\">\n<div id=\"rev_slider_15_1_wrapper\" class=\"rev_slider_wrapper fullwidthbanner-container\" data-source=\"gallery\" style=\"margin:0px auto;background:#ffffff;padding:0px;margin-top:0px;margin-bottom:0px;\">\n<!-- START REVOLUTION SLIDER 5.4.8 fullwidth mode -->\n\t<div id=\"rev_slider_15_1\" class=\"rev_slider fullwidthabanner\" style=\"display:none;\" data-version=\"5.4.8\">\n<ul>\t<!-- SLIDE  -->\n\t<li data-index=\"rs-25\" data-transition=\"slideleft\" data-slotamount=\"default\" data-hideafterloop=\"0\" data-hideslideonmobile=\"off\"  data-easein=\"default\" data-easeout=\"default\" data-masterspeed=\"default\"  data-delay=\"7990\"  data-rotate=\"0\"  data-saveperformance=\"off\"  data-title=\"Slide\" data-param1=\"\" data-param2=\"\" data-param3=\"\" data-param4=\"\" data-param5=\"\" data-param6=\"\" data-param7=\"\" data-param8=\"\" data-param9=\"\" data-param10=\"\" data-description=\"\">\n\t\t<!-- MAIN IMAGE -->\n\t\t<img loading=\"lazy\" decoding=\"async\" src=\"https:\/\/agentur.giesen-partner.com\/wp-content\/plugins\/revslider\/admin\/assets\/images\/dummy.png\"  alt=\"\" title=\"kontaktslider-2560&#215;697\"  width=\"2560\" height=\"697\" data-lazyload=\"https:\/\/agentur.giesen-partner.com\/wp-content\/uploads\/2018\/09\/kontaktslider-2560x697.jpg\" data-bgposition=\"70% 0%\" data-bgfit=\"contain\" data-bgrepeat=\"no-repeat\" data-bgparallax=\"off\" class=\"rev-slidebg\" data-no-retina>\n\t\t<!-- LAYERS -->\n\n\t\t<!-- LAYER NR. 1 -->\n\t\t<div class=\"tp-caption   tp-resizeme\" \n\t\t\t id=\"slide-25-layer-1\" \n\t\t\t data-x=\"['left','left','left','left']\" data-hoffset=\"['-640','-1050','-1450','-1690']\" \n\t\t\t data-y=\"['top','top','top','top']\" data-voffset=\"['0','0','0','0']\" \n\t\t\t\t\t\tdata-width=\"none\"\n\t\t\tdata-height=\"none\"\n\t\t\tdata-whitespace=\"nowrap\"\n \n\t\t\tdata-type=\"image\" \n\t\t\tdata-responsive_offset=\"on\" \n\n\t\t\tdata-frames='[{\"delay\":760,\"speed\":590,\"frame\":\"0\",\"from\":\"x:left;\",\"to\":\"o:1;\",\"ease\":\"easeOutCubic\"},{\"delay\":\"wait\",\"speed\":560,\"frame\":\"999\",\"ease\":\"easeInCubic\"}]'\n\t\t\tdata-textAlign=\"['left','left','left','left']\"\n\t\t\tdata-paddingtop=\"[0,0,0,0]\"\n\t\t\tdata-paddingright=\"[0,0,0,0]\"\n\t\t\tdata-paddingbottom=\"[0,0,0,0]\"\n\t\t\tdata-paddingleft=\"[0,0,0,0]\"\n\n\t\t\tstyle=\"z-index: 5;\"><img loading=\"lazy\" decoding=\"async\" src=\"https:\/\/agentur.giesen-partner.com\/wp-content\/plugins\/revslider\/admin\/assets\/images\/dummy.png\" alt=\"\" data-ww=\"['2560px','2560px','2560px','2560px']\" data-hh=\"['523px','523px','523px','523px']\" width=\"2560\" height=\"523\" data-lazyload=\"https:\/\/agentur.giesen-partner.com\/wp-content\/uploads\/2015\/09\/intr_ovrl_v2.png\" data-no-retina> <\/div>\n\n\t\t<!-- LAYER NR. 2 -->\n\t\t<div class=\"tp-caption montserrat94white   tp-resizeme\" \n\t\t\t id=\"slide-25-layer-3\" \n\t\t\t data-x=\"['left','left','left','center']\" data-hoffset=\"['330','370','178','0']\" \n\t\t\t data-y=\"['top','top','top','top']\" data-voffset=\"['184','184','144','143']\" \n\t\t\t\t\t\tdata-fontsize=\"['94','90','65','50']\"\n\t\t\tdata-width=\"none\"\n\t\t\tdata-height=\"none\"\n\t\t\tdata-whitespace=\"nowrap\"\n \n\t\t\tdata-type=\"text\" \n\t\t\tdata-responsive_offset=\"on\" \n\n\t\t\tdata-frames='[{\"delay\":1120,\"speed\":450,\"frame\":\"0\",\"from\":\"y:-50px;opacity:0;\",\"to\":\"o:1;\",\"ease\":\"easeOutCubic\"},{\"delay\":\"wait\",\"speed\":300,\"frame\":\"999\",\"ease\":\"easeInCubic\"}]'\n\t\t\tdata-textAlign=\"['left','left','left','left']\"\n\t\t\tdata-paddingtop=\"[0,0,0,0]\"\n\t\t\tdata-paddingright=\"[0,0,0,0]\"\n\t\t\tdata-paddingbottom=\"[0,0,0,0]\"\n\t\t\tdata-paddingleft=\"[0,0,0,0]\"\n\n\t\t\tstyle=\"z-index: 6; white-space: nowrap; line-height: 60px; color: rgba(255,255,255,1); letter-spacing: px;letter-spacing:-2px;\">IMPRESSUM <\/div>\n\n\t\t<!-- LAYER NR. 3 -->\n\t\t<div class=\"tp-caption montserrat100white   tp-resizeme\" \n\t\t\t id=\"slide-25-layer-4\" \n\t\t\t data-x=\"['left','left','left','center']\" data-hoffset=\"['331','242','121','0']\" \n\t\t\t data-y=\"['top','top','top','top']\" data-voffset=\"['288','288','216','209']\" \n\t\t\t\t\t\tdata-fontsize=\"['56','60','40','35']\"\n\t\t\tdata-fontweight=\"['700','200','400','400']\"\n\t\t\tdata-color=\"['rgb(146,207,88)','rgba(209,42,92,1)','rgba(209,42,92,1)','rgba(209,42,92,1)']\"\n\t\t\tdata-width=\"none\"\n\t\t\tdata-height=\"none\"\n\t\t\tdata-whitespace=\"nowrap\"\n \n\t\t\tdata-type=\"text\" \n\t\t\tdata-responsive_offset=\"on\" \n\n\t\t\tdata-frames='[{\"delay\":1450,\"speed\":490,\"frame\":\"0\",\"from\":\"y:-50px;opacity:0;\",\"to\":\"o:1;\",\"ease\":\"easeOutCubic\"},{\"delay\":\"wait\",\"speed\":300,\"frame\":\"999\",\"ease\":\"easeInCubic\"}]'\n\t\t\tdata-textAlign=\"['left','left','left','left']\"\n\t\t\tdata-paddingtop=\"[0,0,0,0]\"\n\t\t\tdata-paddingright=\"[0,0,0,0]\"\n\t\t\tdata-paddingbottom=\"[0,0,0,0]\"\n\t\t\tdata-paddingleft=\"[0,0,0,0]\"\n\n\t\t\tstyle=\"z-index: 7; white-space: nowrap; font-size: 56px; line-height: 22px; color: #92cf58; letter-spacing: px;letter-spacing:0px;font-weight:300 !important;\">& haftungsausschluss <\/div>\n\t<\/li>\n<\/ul>\n<div class=\"tp-bannertimer\" style=\"height: 5px; background: rgba(0,0,0,0.15);\"><\/div>\t<\/div>\n<script>var htmlDiv = document.getElementById(\"rs-plugin-settings-inline-css\"); var htmlDivCss=\".tp-caption.montserrat100white,.montserrat100white{color:#ffffff;font-size:100px;font-weight:700;font-family:Montserrat;text-decoration:none;background-color:transparent;border-width:0px;border-color:rgb(0,0,0);border-style:none;text-shadow:none;letter-spacing:-3px}.tp-caption.montserrat94white,.montserrat94white{font-size:94px;font-weight:700;font-family:Montserrat;color:rgb(255,255,255);text-decoration:none;background-color:transparent;border-width:0px;border-color:rgb(0,0,0);border-style:none;text-shadow:none;letter-spacing:-5px}\";\r\n\t\t\t\tif(htmlDiv) {\r\n\t\t\t\t\thtmlDiv.innerHTML = htmlDiv.innerHTML + htmlDivCss;\r\n\t\t\t\t}else{\r\n\t\t\t\t\tvar htmlDiv = document.createElement(\"div\");\r\n\t\t\t\t\thtmlDiv.innerHTML = \"<style>\" + htmlDivCss + \"<\/style>\";\r\n\t\t\t\t\tdocument.getElementsByTagName(\"head\")[0].appendChild(htmlDiv.childNodes[0]);\r\n\t\t\t\t}\r\n\t\t\t<\/script>\n\t\t<script type=\"text\/javascript\">\r\nif (setREVStartSize!==undefined) setREVStartSize(\r\n\t{c: '#rev_slider_15_1', responsiveLevels: [1240,1024,778,480], gridwidth: [1920,1240,778,480], gridheight: [523,500,400,400], sliderLayout: 'fullwidth'});\r\n\t\t\t\r\nvar revapi15,\r\n\ttpj;\t\r\n(function() {\t\t\t\r\n\tif (!\/loaded|interactive|complete\/.test(document.readyState)) document.addEventListener(\"DOMContentLoaded\",onLoad); else onLoad();\t\r\n\tfunction onLoad() {\t\t\t\t\r\n\t\tif (tpj===undefined) { tpj = jQuery; if(\"off\" == \"on\") tpj.noConflict();}\r\n\tif(tpj(\"#rev_slider_15_1\").revolution == undefined){\n\t\trevslider_showDoubleJqueryError(\"#rev_slider_15_1\");\n\t}else{\n\t\trevapi15 = tpj(\"#rev_slider_15_1\").show().revolution({\n\t\t\tsliderType:\"standard\",\n\t\t\tjsFileLocation:\"\/\/agentur.giesen-partner.com\/wp-content\/plugins\/revslider\/public\/assets\/js\/\",\n\t\t\tsliderLayout:\"fullwidth\",\n\t\t\tdottedOverlay:\"none\",\n\t\t\tdelay:9000,\n\t\t\tnavigation: {\n\t\t\t\tkeyboardNavigation:\"off\",\n\t\t\t\tkeyboard_direction: \"horizontal\",\n\t\t\t\tmouseScrollNavigation:\"off\",\n \t\t\t\t\t\t\tmouseScrollReverse:\"default\",\n\t\t\t\tonHoverStop:\"off\",\n\t\t\t\ttouch:{\n\t\t\t\t\ttouchenabled:\"on\",\n\t\t\t\t\ttouchOnDesktop:\"off\",\n\t\t\t\t\tswipe_threshold: 75,\n\t\t\t\t\tswipe_min_touches: 50,\n\t\t\t\t\tswipe_direction: \"horizontal\",\n\t\t\t\t\tdrag_block_vertical: false\n\t\t\t\t}\n\t\t\t},\n\t\t\tresponsiveLevels:[1240,1024,778,480],\n\t\t\tvisibilityLevels:[1240,1024,778,480],\n\t\t\tgridwidth:[1920,1240,778,480],\n\t\t\tgridheight:[523,500,400,400],\n\t\t\tlazyType:\"smart\",\n\t\t\tparallax: {\n\t\t\t\ttype:\"mouse\",\n\t\t\t\torigo:\"slidercenter\",\n\t\t\t\tspeed:2000,\n\t\t\t\tspeedbg:0,\n\t\t\t\tspeedls:0,\n\t\t\t\tlevels:[2,3,4,5,6,7,12,16,10,50,47,48,49,50,51,55],\n\t\t\t},\n\t\t\tshadow:0,\n\t\t\tspinner:\"off\",\n\t\t\tstopLoop:\"on\",\n\t\t\tstopAfterLoops:0,\n\t\t\tstopAtSlide:1,\n\t\t\tshuffle:\"off\",\n\t\t\tautoHeight:\"off\",\n\t\t\thideThumbsOnMobile:\"off\",\n\t\t\thideSliderAtLimit:0,\n\t\t\thideCaptionAtLimit:0,\n\t\t\thideAllCaptionAtLilmit:0,\n\t\t\tdebugMode:false,\n\t\t\tfallbacks: {\n\t\t\t\tsimplifyAll:\"off\",\n\t\t\t\tnextSlideOnWindowFocus:\"off\",\n\t\t\t\tdisableFocusListener:false,\n\t\t\t}\n\t\t});\n\t}; \/* END OF revapi call *\/\n\t\n }; \/* END OF ON LOAD FUNCTION *\/\r\n}()); \/* END OF WRAPPING FUNCTION *\/\r\n<\/script>\r\n\t\t<\/div><!-- END REVOLUTION SLIDER -->\t\t<\/div>\n\t<\/div>\n<\/div><\/div>\n\n\t<\/div>\n\t<\/section><section   class=\"fw-main-row-custom  auto  fw-section-position-back tf-sh-be872544dfa49f9f93da56e946c8e541\"    >\n\t\t\t<div class=\"fw-container\" >\n\t\t<div class=\"fw-row\">\n\t<div id=\"column-69d7437498ee6\" class=\"fw-col-sm-6 tf-sh-fce539b7f990f176dc9778ea221d6904  fw-animated-element fw-col-no-padding\" data-animation-type=\"fadeInUp\" data-animation-delay=\"1000\">\n\t<div class=\"fw-wrap-col-inner clearfix  \"   >\n\t\t\t\t<div class=\"fw-col-inner\">\n\t\t\t<div class=\"fw-divider-space  fw-custom-space  fw-mobile-hide-element clearfix\" style=\"height:59px;\" ><\/div><div class=\"fw-heading fw-heading-left contact-sidebar-padding tf-sh-474752bb67780a52d0aa5116aa2aace5\" >\n\t\t\t<h4 class=\"fw-special-title\">giesen & partner \u00ae werbeagentur & werbetechnik Schilder- und Lichtreklamebetrieb<\/h4>\n\t\n\t\n\t<\/div><div class=\"fw-text-box tf-sh-dd9d835008844448781e6e8724f1d935 contact-sidebar-padding\" >\n\t<div class=\"fw-text-inner\">\n\t\t<p>Eine Marke der<br \/>g&amp;p Werbetechnik GmbH &amp; Co. KG<\/p>\n<p>am vaetsbruch 9<br \/>d-47906 kempen-t\u00f6nisberg<\/p>\n<p>fon: <a href=\"tel:+492845984260\">+49 (0)2845 - 98 426 - 0<\/a><\/p>\n<p>info (at) giesen-partner.de<\/p>\n\t<\/div>\n<\/div><div class=\"fw-divider-space  fw-custom-space  clearfix\" style=\"height:51px;\" ><\/div><div class=\"fw-heading fw-heading-left contact-sidebar-padding tf-sh-988fa8d72cc99822966b31a921096d28\" >\n\t\t\t<h4 class=\"fw-special-title\">Gesch\u00e4ftszeiten B\u00fcro + Produktion:<\/h4>\n\t\n\t\n\t<\/div><div class=\"fw-text-box tf-sh-6f7e194fac0d420513470459a524b181 contact-sidebar-padding\" >\n\t<div class=\"fw-text-inner\">\n\t\t<p>Montag bis Donnerstag 9.00 bis 17.00 Uhr<br \/>Freitag 9.00 bis 13.00 Uhr<br \/>und nach Vereinbarung<\/p>\n\t<\/div>\n<\/div><div class=\"fw-divider-space  fw-custom-space  clearfix\" style=\"height:51px;\" ><\/div><div class=\"fw-heading fw-heading-left contact-sidebar-padding tf-sh-e072ef1c6ddb721c13e354b8d3d8ab48\" >\n\t\t\t<h4 class=\"fw-special-title\">g&p werbetechnik GmbH & Co. KG<\/h4>\n\t\n\t\n\t<\/div><div class=\"fw-text-box tf-sh-09f9bf9100a78858c48a3546f1ffc468 contact-sidebar-padding\" >\n\t<div class=\"fw-text-inner\">\n\t\t<p>Amtsgericht Krefeld HRA 7115<\/p>\n<p>Komplement\u00e4rin: g&amp;p verwaltungs GmbH,<br \/>Amtsgericht Krefeld HRB 18474<br \/>Gesch\u00e4ftsf\u00fchrer: Sven Giesen<\/p>\n\t<\/div>\n<\/div><div class=\"fw-text-box tf-sh-f8f20b13e93188e3c2ade15ed90e813a \" >\n\t<div class=\"fw-text-inner\">\n\t\t<p><div id=\"wpgmza_map\" class=\"wpgmza_map\" data-settings='{\"id\":\"1\",\"map_title\":\"Anfahrt Krefeld\",\"map_width\":\"100\",\"map_height\":\"390\",\"map_start_lat\":\"51.418030\",\"map_start_lng\":\"6.502850\",\"map_start_location\":\"51.41803,6.50285\",\"map_start_zoom\":\"15\",\"default_marker\":\"0\",\"type\":\"1\",\"alignment\":\"4\",\"directions_enabled\":\"1\",\"styling_enabled\":\"0\",\"styling_json\":\"\",\"active\":\"0\",\"kml\":\"\",\"bicycle\":\"0\",\"traffic\":\"0\",\"dbox\":\"1\",\"dbox_width\":\"100\",\"listmarkers\":\"0\",\"listmarkers_advanced\":\"0\",\"filterbycat\":\"0\",\"ugm_enabled\":\"0\",\"ugm_category_enabled\":\"0\",\"fusion\":\"\",\"map_width_type\":\"\\\\%\",\"map_height_type\":\"px\",\"mass_marker_support\":\"1\",\"ugm_access\":\"0\",\"order_markers_by\":\"1\",\"order_markers_choice\":\"2\",\"show_user_location\":\"0\",\"default_to\":\"\",\"other_settings\":{\"store_locator_enabled\":2,\"store_locator_distance\":2,\"store_locator_default_radius\":10,\"store_locator_not_found_message\":\"No results found in this location. Please try again.\",\"store_locator_bounce\":1,\"store_locator_query_string\":\"ZIP \\\/ Address:\",\"store_locator_default_address\":\"\",\"wpgmza_store_locator_restrict\":\"\",\"wpgmza_store_locator_radius_style\":\"modern\",\"map_max_zoom\":\"1\",\"transport_layer\":0,\"wpgmza_theme_data\":\"[ { \\\"featureType\\\": \\\"administrative.locality\\\", \\\"elementType\\\": \\\"all\\\", \\\"stylers\\\": [ { \\\"hue\\\": \\\"#6cff00\\\" }, { \\\"saturation\\\": 7 }, { \\\"lightness\\\": 19 }, { \\\"visibility\\\": \\\"on\\\" } ] }, { \\\"featureType\\\": \\\"administrative.locality\\\", \\\"elementType\\\": \\\"labels.text\\\", \\\"stylers\\\": [ { \\\"visibility\\\": \\\"on\\\" }, { \\\"saturation\\\": \\\"-3\\\" } ] }, { \\\"featureType\\\": \\\"administrative.locality\\\", \\\"elementType\\\": \\\"labels.text.fill\\\", \\\"stylers\\\": [ { \\\"color\\\": \\\"#748ca3\\\" } ] }, { \\\"featureType\\\": \\\"landscape\\\", \\\"elementType\\\": \\\"all\\\", \\\"stylers\\\": [ { \\\"saturation\\\": \\\"-100\\\" }, { \\\"lightness\\\": 100 }, { \\\"visibility\\\": \\\"simplified\\\" }, { \\\"hue\\\": \\\"#bdff00\\\" } ] }, { \\\"featureType\\\": \\\"poi\\\", \\\"elementType\\\": \\\"all\\\", \\\"stylers\\\": [ { \\\"hue\\\": \\\"#6cff00\\\" }, { \\\"saturation\\\": \\\"23\\\" }, { \\\"lightness\\\": \\\"20\\\" }, { \\\"visibility\\\": \\\"off\\\" } ] }, { \\\"featureType\\\": \\\"poi.school\\\", \\\"elementType\\\": \\\"geometry.fill\\\", \\\"stylers\\\": [ { \\\"color\\\": \\\"#ffdbda\\\" }, { \\\"saturation\\\": \\\"0\\\" }, { \\\"visibility\\\": \\\"on\\\" } ] }, { \\\"featureType\\\": \\\"road\\\", \\\"elementType\\\": \\\"geometry\\\", \\\"stylers\\\": [ { \\\"hue\\\": \\\"#ff0200\\\" }, { \\\"saturation\\\": \\\"100\\\" }, { \\\"lightness\\\": 31 }, { \\\"visibility\\\": \\\"simplified\\\" } ] }, { \\\"featureType\\\": \\\"road\\\", \\\"elementType\\\": \\\"geometry.stroke\\\", \\\"stylers\\\": [ { \\\"color\\\": \\\"#f39247\\\" }, { \\\"saturation\\\": \\\"0\\\" } ] }, { \\\"featureType\\\": \\\"road\\\", \\\"elementType\\\": \\\"labels\\\", \\\"stylers\\\": [ { \\\"hue\\\": \\\"#008eff\\\" }, { \\\"saturation\\\": -93 }, { \\\"lightness\\\": 31 }, { \\\"visibility\\\": \\\"on\\\" } ] }, { \\\"featureType\\\": \\\"road.highway\\\", \\\"elementType\\\": \\\"all\\\", \\\"stylers\\\": [ { \\\"hue\\\": \\\"#6cff00\\\" } ] }, { \\\"featureType\\\": \\\"road.arterial\\\", \\\"elementType\\\": \\\"all\\\", \\\"stylers\\\": [ { \\\"hue\\\": \\\"#ff0000\\\" } ] }, { \\\"featureType\\\": \\\"road.arterial\\\", \\\"elementType\\\": \\\"geometry.stroke\\\", \\\"stylers\\\": [ { \\\"visibility\\\": \\\"on\\\" }, { \\\"color\\\": \\\"#ffe5e5\\\" }, { \\\"saturation\\\": \\\"0\\\" } ] }, { \\\"featureType\\\": \\\"road.arterial\\\", \\\"elementType\\\": \\\"labels\\\", \\\"stylers\\\": [ { \\\"hue\\\": \\\"#bbc0c4\\\" }, { \\\"saturation\\\": -93 }, { \\\"lightness\\\": -2 }, { \\\"visibility\\\": \\\"simplified\\\" } ] }, { \\\"featureType\\\": \\\"road.arterial\\\", \\\"elementType\\\": \\\"labels.text\\\", \\\"stylers\\\": [ { \\\"visibility\\\": \\\"off\\\" } ] }, { \\\"featureType\\\": \\\"road.local\\\", \\\"elementType\\\": \\\"all\\\", \\\"stylers\\\": [ { \\\"hue\\\": \\\"#ff0000\\\" } ] }, { \\\"featureType\\\": \\\"road.local\\\", \\\"elementType\\\": \\\"geometry\\\", \\\"stylers\\\": [ { \\\"hue\\\": \\\"#ff0200\\\" }, { \\\"saturation\\\": -90 }, { \\\"lightness\\\": -8 }, { \\\"visibility\\\": \\\"simplified\\\" } ] }, { \\\"featureType\\\": \\\"transit\\\", \\\"elementType\\\": \\\"all\\\", \\\"stylers\\\": [ { \\\"hue\\\": \\\"#007dff\\\" }, { \\\"saturation\\\": 10 }, { \\\"lightness\\\": 69 }, { \\\"visibility\\\": \\\"on\\\" } ] }, { \\\"featureType\\\": \\\"transit.line\\\", \\\"elementType\\\": \\\"all\\\", \\\"stylers\\\": [ { \\\"hue\\\": \\\"#ff0000\\\" } ] }, { \\\"featureType\\\": \\\"water\\\", \\\"elementType\\\": \\\"all\\\", \\\"stylers\\\": [ { \\\"saturation\\\": -78 }, { \\\"lightness\\\": 67 }, { \\\"visibility\\\": \\\"simplified\\\" }, { \\\"hue\\\": \\\"#007fff\\\" } ] } ]\",\"wpgmza_show_points_of_interest\":1,\"wpgmza_auto_night\":0}}' data-map-id='1' Data-maps-engine='open-layers' data-shortcode-attributes='{\"id\":\"1\"}' style=\"display:block; overflow:auto; width:100%; height:390px; float:left;\"><\/div><\/p>\n\t<\/div>\n<\/div>\t\t<\/div>\n\t<\/div>\n<\/div><div id=\"column-69d743749a2cf\" class=\"fw-col-sm-6 tf-sh-497f36805f5414619b7298fbfe61b122 contact-us fw-animated-element\" data-animation-type=\"fadeInUp\" data-animation-delay=\"1300\">\n\t<div class=\"fw-wrap-col-inner clearfix  \"   >\n\t\t\t\t<div class=\"fw-col-inner\">\n\t\t\t<div class=\"fw-heading fw-heading-left  fw-heading-with-subtitle tf-sh-e5994a456d7529e978ddf549836f47df\" >\n\t\t\t<h3 class=\"fw-special-title\">HAFTUNGSAUSSCHLUSS<\/h3>\n\t\n\t\n\t\t\t<div class=\"fw-special-subtitle\">Disclaimer<\/div>\n\t<\/div><div class=\"fw-text-box tf-sh-f90678e956d38ab91f03805a98d3a0bc \" >\n\t<div class=\"fw-text-inner\">\n\t\t<h5>HAFTUNG F\u00dcR INHALTE<\/h5>\n<p>Als Diensteanbieter sind wir gem\u00e4\u00df \u00a7 7 Abs.1 TMG f\u00fcr eigene Inhalte auf diesen Seiten nach den allgemeinen Gesetzen verantwortlich. Nach \u00a7\u00a7 8 bis 10 TMG sind wir als Diensteanbieter jedoch nicht verpflichtet, \u00fcbermittelte oder gespeicherte fremde Informationen zu \u00fcberwachen oder nach Umst\u00e4nden zu forschen, die auf eine rechtswidrige T\u00e4tigkeit hinweisen.<\/p>\n<p>Verpflichtungen zur Entfernung oder Sperrung der Nutzung von Informationen nach den allgemeinen Gesetzen bleiben hiervon unber\u00fchrt. Eine diesbez\u00fcgliche Haftung ist jedoch erst ab dem Zeitpunkt der Kenntnis einer konkreten Rechtsverletzung m\u00f6glich. Bei Bekanntwerden von entsprechenden Rechtsverletzungen werden wir diese Inhalte umgehend entfernen.<\/p>\n<h5>HAFTUNG F\u00dcR LINKS<\/h5>\n<p>Unser Angebot enth\u00e4lt Links zu externen Websites Dritter, auf deren Inhalte wir keinen Einfluss haben. Deshalb k\u00f6nnen wir f\u00fcr diese fremden Inhalte auch keine Gew\u00e4hr \u00fcbernehmen. F\u00fcr die Inhalte der verlinkten Seiten ist stets der jeweilige Anbieter oder Betreiber der Seiten verantwortlich. Die verlinkten Seiten wurden zum Zeitpunkt der Verlinkung auf m\u00f6gliche Rechtsverst\u00f6\u00dfe \u00fcberpr\u00fcft. Rechtswidrige Inhalte waren zum Zeitpunkt der Verlinkung nicht erkennbar.<\/p>\n<p>Eine permanente inhaltliche Kontrolle der verlinkten Seiten ist jedoch ohne konkrete Anhaltspunkte einer Rechtsverletzung nicht zumutbar. Bei Bekanntwerden von Rechtsverletzungen werden wir derartige Links umgehend entfernen.<\/p>\n<h5>URHEBERRECHT<\/h5>\n<p>Die durch die Seitenbetreiber erstellten Inhalte und Werke auf diesen Seiten unterliegen dem deutschen Urheberrecht. Die Vervielf\u00e4ltigung, Bearbeitung, Verbreitung und jede Art der Verwertung au\u00dferhalb der Grenzen des Urheberrechtes bed\u00fcrfen der schriftlichen Zustimmung des jeweiligen Autors bzw. Erstellers. Downloads und Kopien dieser Seite sind nur f\u00fcr den privaten, nicht kommerziellen Gebrauch gestattet.<\/p>\n<p>Soweit die Inhalte auf dieser Seite nicht vom Betreiber erstellt wurden, werden die Urheberrechte Dritter beachtet. Insbesondere werden Inhalte Dritter als solche gekennzeichnet. Sollten Sie trotzdem auf eine Urheberrechtsverletzung aufmerksam werden, bitten wir um einen entsprechenden Hinweis. Bei Bekanntwerden von Rechtsverletzungen werden wir derartige Inhalte umgehend entfernen.<\/p>\n\t<\/div>\n<\/div>\t\t<\/div>\n\t<\/div>\n<\/div><\/div>\n\n<div class=\"fw-row\">\n\t<div id=\"column-69d743749a661\" class=\"fw-tablet-hide-element fw-col-sm-12 fw-mobile-hide-element tf-sh-881ee7be6738fc08fee5b79a584fe982  fw-col-no-padding\" >\n\t<div class=\"fw-wrap-col-inner clearfix  \"   >\n\t\t\t\t<div class=\"fw-col-inner\">\n\t\t\t<div class=\"fw-divider-space  fw-custom-space  clearfix\" style=\"height:65px;\" ><\/div>\t\t<\/div>\n\t<\/div>\n<\/div><\/div>\n\n\t<\/div>\n\t<\/section><\/p>\n","protected":false},"excerpt":{"rendered":"<p>IMPRESSUM &#038; haftungsausschluss giesen &#038; partner \u00ae werbeagentur &#038; werbetechnik Schilder- und Lichtreklamebetrieb Eine Marke derg&amp;p Werbetechnik GmbH &amp; Co. KG am vaetsbruch 9d-47906 kempen-t\u00f6nisberg fon: +49 (0)2845 &#8211; 98 426 &#8211; 0 info (at) giesen-partner.de Gesch\u00e4ftszeiten B\u00fcro + Produktion: Montag bis Donnerstag 9.00 bis 17.00 UhrFreitag 9.00 bis 13.00 Uhrund nach Vereinbarung g&#038;p werbetechnik [&hellip;]<\/p>\n","protected":false},"author":1,"featured_media":0,"parent":0,"menu_order":0,"comment_status":"closed","ping_status":"closed","template":"visual-builder-template.php","meta":{"om_disable_all_campaigns":false,"_monsterinsights_skip_tracking":false,"_monsterinsights_sitenote_active":false,"_monsterinsights_sitenote_note":"","_monsterinsights_sitenote_category":0,"footnotes":""},"class_list":["post-6518","page","type-page","status-publish","hentry"],"aioseo_notices":[],"_links":{"self":[{"href":"https:\/\/agentur.giesen-partner.com\/index.php\/wp-json\/wp\/v2\/pages\/6518","targetHints":{"allow":["GET"]}}],"collection":[{"href":"https:\/\/agentur.giesen-partner.com\/index.php\/wp-json\/wp\/v2\/pages"}],"about":[{"href":"https:\/\/agentur.giesen-partner.com\/index.php\/wp-json\/wp\/v2\/types\/page"}],"author":[{"embeddable":true,"href":"https:\/\/agentur.giesen-partner.com\/index.php\/wp-json\/wp\/v2\/users\/1"}],"replies":[{"embeddable":true,"href":"https:\/\/agentur.giesen-partner.com\/index.php\/wp-json\/wp\/v2\/comments?post=6518"}],"version-history":[{"count":32,"href":"https:\/\/agentur.giesen-partner.com\/index.php\/wp-json\/wp\/v2\/pages\/6518\/revisions"}],"predecessor-version":[{"id":7168,"href":"https:\/\/agentur.giesen-partner.com\/index.php\/wp-json\/wp\/v2\/pages\/6518\/revisions\/7168"}],"wp:attachment":[{"href":"https:\/\/agentur.giesen-partner.com\/index.php\/wp-json\/wp\/v2\/media?parent=6518"}],"curies":[{"name":"wp","href":"https:\/\/api.w.org\/{rel}","templated":true}]}}